{"id":14325,"date":"2022-10-14T10:19:43","date_gmt":"2022-10-14T10:19:43","guid":{"rendered":"https:\/\/demo.oceanthemes.site\/sandbox\/?page_id=14325"},"modified":"2023-07-17T09:56:09","modified_gmt":"2023-07-17T09:56:09","slug":"blog","status":"publish","type":"page","link":"https:\/\/redmark.md\/ru\/blog\/","title":{"rendered":"\u0411\u043b\u043e\u0433"},"content":{"rendered":"\t\t<div data-elementor-type=\"wp-page\" data-elementor-id=\"14325\" class=\"elementor elementor-14325\">\n\t\t\t\t\t\t<section class=\"elementor-section elementor-top-section elementor-element elementor-element-54e267e elementor-section-boxed elementor-section-height-default elementor-section-height-default\" data-id=\"54e267e\" data-element_type=\"section\" data-e-type=\"section\" data-settings=\"{&quot;background_background&quot;:&quot;classic&quot;}\">\n\t\t\t\t\t\t<div class=\"elementor-container elementor-column-gap-default\">\n\t\t\t\t\t<div class=\"elementor-column elementor-col-100 elementor-top-column elementor-element elementor-element-3cc2282\" data-id=\"3cc2282\" data-element_type=\"column\" data-e-type=\"column\">\n\t\t\t<div class=\"elementor-widget-wrap elementor-element-populated\">\n\t\t\t\t\t\t<div class=\"elementor-element elementor-element-986bb63 display-1 elementor-widget elementor-widget-heading\" data-id=\"986bb63\" data-element_type=\"widget\" data-e-type=\"widget\" data-widget_type=\"heading.default\">\n\t\t\t\t<div class=\"elementor-widget-container\">\n\t\t\t\t\t<h1 class=\"elementor-heading-title elementor-size-default\">\u0421\u0430\u043c\u044b\u0435 \u0430\u043a\u0442\u0443\u0430\u043b\u044c\u043d\u044b\u0435 \u043d\u043e\u0432\u043e\u0441\u0442\u0438<\/h1>\t\t\t\t<\/div>\n\t\t\t\t<\/div>\n\t\t\t\t\t<\/div>\n\t\t<\/div>\n\t\t\t\t\t<\/div>\n\t\t<\/section>\n\t\t\t\t<section class=\"elementor-section elementor-top-section elementor-element elementor-element-0495191 elementor-section-boxed elementor-section-height-default elementor-section-height-default\" data-id=\"0495191\" data-element_type=\"section\" data-e-type=\"section\">\n\t\t\t\t\t\t<div class=\"elementor-container elementor-column-gap-default\">\n\t\t\t\t\t<div class=\"elementor-column elementor-col-100 elementor-top-column elementor-element elementor-element-88e4d46\" data-id=\"88e4d46\" data-element_type=\"column\" data-e-type=\"column\">\n\t\t\t<div class=\"elementor-widget-wrap elementor-element-populated\">\n\t\t\t\t\t\t<div class=\"elementor-element elementor-element-58aa6c7 elementor-widget elementor-widget-ot-post-grid\" data-id=\"58aa6c7\" data-element_type=\"widget\" data-e-type=\"widget\" data-widget_type=\"ot-post-grid.default\">\n\t\t\t\t<div class=\"elementor-widget-container\">\n\t\t\t\t\t\t\t\t<div class=\"blog-grid  pf_1_cols\">\r\n\t        \t\r\n\r\n<article id=\"post-15923\" class=\"post-box post-15923 post type-post status-publish format-standard has-post-thumbnail hentry category-informatii-utile\">\r\n\t<div class=\"post-inner\">\r\n\t\t\t\t<div class=\"entry-media hover-scale\">\r\n            <a href=\"https:\/\/redmark.md\/ru\/%d1%8f%d0%ba-%d0%b3%d1%80%d0%be%d0%bc%d0%b0%d0%b4%d1%8f%d0%bd%d0%b8-%d1%83%d0%ba%d1%80%d0%b0%d1%97%d0%bd%d0%b8-%d0%b7-%d1%80%d0%b5%d0%b3%d1%96%d0%be%d0%bd\/\">\r\n                <img fetchpriority=\"high\" decoding=\"async\" width=\"2560\" height=\"1707\" src=\"https:\/\/redmark.md\/wp-content\/uploads\/2025\/02\/3Z4A4806-scaled.jpg\" class=\"attachment-post-thumbnail size-post-thumbnail wp-post-image\" alt=\"\" srcset=\"https:\/\/redmark.md\/wp-content\/uploads\/2025\/02\/3Z4A4806-scaled.jpg 2560w, https:\/\/redmark.md\/wp-content\/uploads\/2025\/02\/3Z4A4806-300x200.jpg 300w, https:\/\/redmark.md\/wp-content\/uploads\/2025\/02\/3Z4A4806-1024x683.jpg 1024w, https:\/\/redmark.md\/wp-content\/uploads\/2025\/02\/3Z4A4806-768x512.jpg 768w, https:\/\/redmark.md\/wp-content\/uploads\/2025\/02\/3Z4A4806-1536x1024.jpg 1536w, https:\/\/redmark.md\/wp-content\/uploads\/2025\/02\/3Z4A4806-2048x1365.jpg 2048w\" sizes=\"(max-width: 2560px) 100vw, 2560px\" \/>                <div class=\"bg-overlay\"><h5>Read More<\/h5><\/div>            <\/a>\r\n        <\/div>\r\n        \t\t<div class=\"inner-post\">\r\n\t        <div class=\"post-header\">\r\n\r\n            \t<div class=\"post-cates text-line\"><a class=\"hover\"href=\"https:\/\/redmark.md\/ru\/category\/informatii-utile\/\" rel=\"category tag\">Informa\u021bii utile<\/a><\/div>\r\n\t            <h2 class=\"entry-title\"><a class=\"title-link\" href=\"https:\/\/redmark.md\/ru\/%d1%8f%d0%ba-%d0%b3%d1%80%d0%be%d0%bc%d0%b0%d0%b4%d1%8f%d0%bd%d0%b8-%d1%83%d0%ba%d1%80%d0%b0%d1%97%d0%bd%d0%b8-%d0%b7-%d1%80%d0%b5%d0%b3%d1%96%d0%be%d0%bd\/\" rel=\"bookmark\">\u042f\u043a \u0433\u0440\u043e\u043c\u0430\u0434\u044f\u043d\u0438 \u0423\u043a\u0440\u0430\u0457\u043d\u0438 \u0437 \u0440\u0435\u0433\u0456\u043e\u043d\u0456\u0432 \u041e\u0434\u0435\u0449\u0438\u043d\u0438 \u0442\u0430 \u0427\u0435\u0440\u043d\u0456\u0432\u0446\u0456\u0432 \u0432\u0456\u0434\u043d\u043e\u0432\u043b\u044e\u044e\u0442\u044c \u0440\u0443\u043c\u0443\u043d\u0441\u044c\u043a\u0435 \u0430\u0431\u043e \u043c\u043e\u043b\u0434\u043e\u0432\u0441\u044c\u043a\u0435 \u0433\u0440\u043e\u043c\u0430\u0434\u044f\u043d\u0441\u0442\u0432\u043e?<\/a><\/h2>\r\n\t        <\/div><!-- .entry-header -->\r\n\r\n\t        <div class=\"entry-summary the-excerpt\">\r\n\r\n\t            <p>\u041e\u0441\u0442\u0430\u043d\u043d\u0456\u043c\u0438 \u0440\u043e\u043a\u0430\u043c\u0438 \u0432\u0441\u0435 \u0431\u0456\u043b\u044c\u0448\u0435 \u0433\u0440\u043e\u043c\u0430\u0434\u044f\u043d \u0423\u043a\u0440\u0430\u0457\u043d\u0438 \u0437 \u0440\u0435\u0433\u0456\u043e\u043d\u0456\u0432 \u041e\u0434\u0435\u0449\u0438\u043d\u0438 \u0442\u0430 \u0427\u0435\u0440\u043d\u0456\u0432\u0446\u0456\u0432 \u0443\u0441\u043f\u0456\u0448\u043d\u043e \u0432\u0456\u0434\u043d\u043e\u0432\u043b\u044e\u044e\u0442\u044c \u0440\u0443\u043c\u0443\u043d\u0441\u044c\u043a\u0435 \u0430\u0431\u043e \u043c\u043e\u043b\u0434\u043e\u0432\u0441\u044c\u043a\u0435 \u0433\u0440\u043e\u043c\u0430\u0434\u044f\u043d\u0441\u0442\u0432\u043e. \u0411\u0430\u0433\u0430\u0442\u043e \u0437 \u043d\u0438\u0445 \u0440\u043e\u0431\u043b\u044f\u0442\u044c \u0446\u0435 \u0437\u0430 \u0434\u043e\u043f\u043e\u043c\u043e\u0433\u043e\u044e Red Mark Service. \u0425\u0442\u043e \u043c\u0430\u0454 \u043f\u0440\u0430\u0432\u043e \u043d\u0430 \u0440\u0443\u043c\u0443\u043d\u0441\u044c\u043a\u0435 \u0430\u0431\u043e \u043c\u043e\u043b\u0434\u043e\u0432\u0441\u044c\u043a\u0435 \u0433\u0440\u043e\u043c\u0430\u0434\u044f\u043d\u0441\u0442\u0432\u043e? \u0423\u0441\u0456 \u0433\u0440\u043e\u043c\u0430\u0434\u044f\u043d\u0438 \u0423\u043a\u0440\u0430\u0457\u043d\u0438, \u0447\u0438\u0457 \u043f\u0440\u0430\u0434\u0456\u0434\u0438, \u0434\u0456\u0434\u0438 \u0430\u0431\u043e \u0431\u0430\u0442\u044c\u043a\u0438 \u043d\u0430\u0440\u043e\u0434\u0438\u043b\u0438\u0441\u044f \u0432 \u0440\u0435\u0433\u0456\u043e\u043d\u0430\u0445 \u0417\u0430\u0445\u0456\u0434\u043d\u043e\u0457 \u041e\u0434\u0435\u0449\u0438\u043d\u0438 (\u0411\u0443\u0434\u0436\u0430\u043a) \u0430\u0431\u043e \u0427\u0435\u0440\u043d\u0456\u0432\u0446\u0456\u0432 \u0443 \u043f\u0435\u0440\u0456\u043e\u0434 1918-1940 \u0440\u043e\u043a\u0456\u0432, [&hellip;]<\/p>\n\r\n\t        <\/div><!-- .entry-content -->\r\n\t    <\/div>\r\n\t            <div class=\"entry-meta\">\r\n        \t<ul class='post-meta dflex'><li class=\"post-date\"><a href=\"https:\/\/redmark.md\/ru\/%d1%8f%d0%ba-%d0%b3%d1%80%d0%be%d0%bc%d0%b0%d0%b4%d1%8f%d0%bd%d0%b8-%d1%83%d0%ba%d1%80%d0%b0%d1%97%d0%bd%d0%b8-%d0%b7-%d1%80%d0%b5%d0%b3%d1%96%d0%be%d0%bd\/\" rel=\"bookmark\"><i class=\"uil uil-calendar-alt\"><\/i><time class=\"entry-date published\" datetime=\"2025-02-07T16:15:431738944943\">\u043f\u044f\u0442\u043d\u0438\u0446\u0430 \u0444\u0435\u0432\u0440\u0430\u043b\u044f  7th, 2025<\/time><\/a><\/li><\/ul>        <\/div><!-- .entry-meta -->\r\n            <\/div>\r\n<\/article><!-- #post-15923 -->\r\n\r\n\r\n<article id=\"post-15913\" class=\"post-box post-15913 post type-post status-publish format-standard has-post-thumbnail hentry category-informatii-utile tag-buletin-romanesc tag-cetatenieromana tag-pasaportroman\">\r\n\t<div class=\"post-inner\">\r\n\t\t\t\t<div class=\"entry-media hover-scale\">\r\n            <a href=\"https:\/\/redmark.md\/ru\/red-mark-service-are-solutii-pentru-toate-problemele-intalnite-in-procesul-de-redobandire-a-cetateniei\/\">\r\n                <img decoding=\"async\" width=\"1137\" height=\"853\" src=\"https:\/\/redmark.md\/wp-content\/uploads\/2024\/05\/photo_2024-05-29_15-22-31.jpg\" class=\"attachment-post-thumbnail size-post-thumbnail wp-post-image\" alt=\"\" srcset=\"https:\/\/redmark.md\/wp-content\/uploads\/2024\/05\/photo_2024-05-29_15-22-31.jpg 1137w, https:\/\/redmark.md\/wp-content\/uploads\/2024\/05\/photo_2024-05-29_15-22-31-300x225.jpg 300w, https:\/\/redmark.md\/wp-content\/uploads\/2024\/05\/photo_2024-05-29_15-22-31-1024x768.jpg 1024w, https:\/\/redmark.md\/wp-content\/uploads\/2024\/05\/photo_2024-05-29_15-22-31-768x576.jpg 768w\" sizes=\"(max-width: 1137px) 100vw, 1137px\" \/>                <div class=\"bg-overlay\"><h5>Read More<\/h5><\/div>            <\/a>\r\n        <\/div>\r\n        \t\t<div class=\"inner-post\">\r\n\t        <div class=\"post-header\">\r\n\r\n            \t<div class=\"post-cates text-line\"><a class=\"hover\"href=\"https:\/\/redmark.md\/ru\/category\/informatii-utile\/\" rel=\"category tag\">Informa\u021bii utile<\/a><\/div>\r\n\t            <h2 class=\"entry-title\"><a class=\"title-link\" href=\"https:\/\/redmark.md\/ru\/red-mark-service-are-solutii-pentru-toate-problemele-intalnite-in-procesul-de-redobandire-a-cetateniei\/\" rel=\"bookmark\">(Rom\u00e2n\u0103) Red Mark Service are solu\u021bii pentru toate problemele \u00eent\u00e2lnite \u00een procesul de redob\u00e2ndire a cet\u0103\u021beniei<\/a><\/h2>\r\n\t        <\/div><!-- .entry-header -->\r\n\r\n\t        <div class=\"entry-summary the-excerpt\">\r\n\r\n\t            <p>\u0418\u0437\u0432\u0438\u043d\u0438\u0442\u0435, \u044d\u0442\u043e\u0442 \u0442\u0435\u043a\u0441\u0442 \u0434\u043e\u0441\u0442\u0443\u043f\u0435\u043d \u0442\u043e\u043b\u044c\u043a\u043e \u043d\u0430 &ldquo;Rom\u00e2n\u0103&rdquo;.<\/p>\n\r\n\t        <\/div><!-- .entry-content -->\r\n\t    <\/div>\r\n\t            <div class=\"entry-meta\">\r\n        \t<ul class='post-meta dflex'><li class=\"post-date\"><a href=\"https:\/\/redmark.md\/ru\/red-mark-service-are-solutii-pentru-toate-problemele-intalnite-in-procesul-de-redobandire-a-cetateniei\/\" rel=\"bookmark\"><i class=\"uil uil-calendar-alt\"><\/i><time class=\"entry-date published\" datetime=\"2024-05-29T12:01:391716984099\">\u0441\u0440\u0435\u0434\u0430 \u043c\u0430\u044f 29th, 2024<\/time><\/a><\/li><\/ul>        <\/div><!-- .entry-meta -->\r\n            <\/div>\r\n<\/article><!-- #post-15913 -->\r\n\r\n\r\n<article id=\"post-1522\" class=\"post-box post-1522 post type-post status-publish format-standard has-post-thumbnail hentry category-informatii-utile\">\r\n\t<div class=\"post-inner\">\r\n\t\t\t\t<div class=\"entry-media hover-scale\">\r\n            <a href=\"https:\/\/redmark.md\/ru\/cum-obtii-o-data-de-programare-pentru-depunerea-juramantului-de-credinta\/\">\r\n                <img decoding=\"async\" width=\"853\" height=\"640\" src=\"https:\/\/redmark.md\/wp-content\/uploads\/2022\/08\/photo_2024-05-29_15-16-08-2.jpg\" class=\"attachment-post-thumbnail size-post-thumbnail wp-post-image\" alt=\"\" srcset=\"https:\/\/redmark.md\/wp-content\/uploads\/2022\/08\/photo_2024-05-29_15-16-08-2.jpg 853w, https:\/\/redmark.md\/wp-content\/uploads\/2022\/08\/photo_2024-05-29_15-16-08-2-300x225.jpg 300w, https:\/\/redmark.md\/wp-content\/uploads\/2022\/08\/photo_2024-05-29_15-16-08-2-768x576.jpg 768w\" sizes=\"(max-width: 853px) 100vw, 853px\" \/>                <div class=\"bg-overlay\"><h5>Read More<\/h5><\/div>            <\/a>\r\n        <\/div>\r\n        \t\t<div class=\"inner-post\">\r\n\t        <div class=\"post-header\">\r\n\r\n            \t<div class=\"post-cates text-line\"><a class=\"hover\"href=\"https:\/\/redmark.md\/ru\/category\/informatii-utile\/\" rel=\"category tag\">Informa\u021bii utile<\/a><\/div>\r\n\t            <h2 class=\"entry-title\"><a class=\"title-link\" href=\"https:\/\/redmark.md\/ru\/cum-obtii-o-data-de-programare-pentru-depunerea-juramantului-de-credinta\/\" rel=\"bookmark\">Cum ob\u021bii o dat\u0103 de programare pentru depunerea jur\u0103m\u00e2ntului de credin\u021b\u0103?<\/a><\/h2>\r\n\t        <\/div><!-- .entry-header -->\r\n\r\n\t        <div class=\"entry-summary the-excerpt\">\r\n\r\n\t            <p>Atunci c\u00e2nd s-a aprobat cet\u0103\u021benia Rom\u00e2n\u0103, este de important s\u0103 fii atent la termen \u0219i proceduri astfel s\u0103 respec\u021bi toate detaliile. Orice neaten\u021bie poate duce la pierderea acestei oportunit\u0103\u021bi. Compania Redmark Service \u00ee\u021bi v-a prezenta c\u00e2teva puncte importante pe care trebuie s\u0103 le iei \u00een considerare c\u00e2nd urmeaz\u0103 s\u0103 depui jur\u0103m\u00e2ntul de credin\u021b\u0103.<\/p>\n\r\n\t        <\/div><!-- .entry-content -->\r\n\t    <\/div>\r\n\t            <div class=\"entry-meta\">\r\n        \t<ul class='post-meta dflex'><li class=\"post-date\"><a href=\"https:\/\/redmark.md\/ru\/cum-obtii-o-data-de-programare-pentru-depunerea-juramantului-de-credinta\/\" rel=\"bookmark\"><i class=\"uil uil-calendar-alt\"><\/i><time class=\"entry-date published\" datetime=\"2022-08-17T07:10:481660720248\">\u0441\u0440\u0435\u0434\u0430 \u0430\u0432\u0433\u0443\u0441\u0442\u0430 17th, 2022<\/time><\/a><\/li><\/ul>        <\/div><!-- .entry-meta -->\r\n            <\/div>\r\n<\/article><!-- #post-1522 -->\r\n\t\t    <\/div>\r\n\t\t    \t\t\t\t<\/div>\n\t\t\t\t<\/div>\n\t\t\t\t\t<\/div>\n\t\t<\/div>\n\t\t\t\t\t<\/div>\n\t\t<\/section>\n\t\t\t\t<\/div>\n\t\t","protected":false},"excerpt":{"rendered":"<p>\u0421\u0430\u043c\u044b\u0435 \u0430\u043a\u0442\u0443\u0430\u043b\u044c\u043d\u044b\u0435 \u043d\u043e\u0432\u043e\u0441\u0442\u0438 Read More Informa\u021bii utile Cum ob\u021bii o dat\u0103 de programare pentru depunerea jur\u0103m\u00e2ntului de credin\u021b\u0103? Atunci c\u00e2nd s-a aprobat cet\u0103\u021benia Rom\u00e2n\u0103, este de important s\u0103 fii atent la termen \u0219i proceduri astfel s\u0103 respec\u021bi toate detaliile. Orice neaten\u021bie poate duce la pierderea acestei oportunit\u0103\u021bi. Compania Redmark Service \u00ee\u021bi v-a prezenta c\u00e2teva puncte [&hellip;]<\/p>\n","protected":false},"author":3,"featured_media":0,"parent":0,"menu_order":0,"comment_status":"closed","ping_status":"closed","template":"","meta":{"footnotes":""},"class_list":["post-14325","page","type-page","status-publish","hentry"],"yoast_head":"<!-- This site is optimized with the Yoast SEO plugin v27.4 - https:\/\/yoast.com\/product\/yoast-seo-wordpress\/ -->\n<title>\u0411\u043b\u043e\u0433 - Redmark<\/title>\n<meta name=\"robots\" content=\"index, follow, max-snippet:-1, max-image-preview:large, max-video-preview:-1\" \/>\n<link rel=\"canonical\" href=\"https:\/\/redmark.md\/ru\/blog\/\" \/>\n<meta property=\"og:locale\" content=\"ru_RU\" \/>\n<meta property=\"og:type\" content=\"article\" \/>\n<meta property=\"og:title\" content=\"\u0411\u043b\u043e\u0433 - Redmark\" \/>\n<meta property=\"og:description\" content=\"\u0421\u0430\u043c\u044b\u0435 \u0430\u043a\u0442\u0443\u0430\u043b\u044c\u043d\u044b\u0435 \u043d\u043e\u0432\u043e\u0441\u0442\u0438 Read More Informa\u021bii utile Cum ob\u021bii o dat\u0103 de programare pentru depunerea jur\u0103m\u00e2ntului de credin\u021b\u0103? Atunci c\u00e2nd s-a aprobat cet\u0103\u021benia Rom\u00e2n\u0103, este de important s\u0103 fii atent la termen \u0219i proceduri astfel s\u0103 respec\u021bi toate detaliile. Orice neaten\u021bie poate duce la pierderea acestei oportunit\u0103\u021bi. Compania Redmark Service \u00ee\u021bi v-a prezenta c\u00e2teva puncte [&hellip;]\" \/>\n<meta property=\"og:url\" content=\"https:\/\/redmark.md\/ru\/blog\/\" \/>\n<meta property=\"og:site_name\" content=\"Redmark\" \/>\n<meta property=\"article:modified_time\" content=\"2023-07-17T09:56:09+00:00\" \/>\n<meta property=\"og:image\" content=\"https:\/\/redmark.md\/wp-content\/uploads\/2022\/08\/IMG_8208-scaled-e1688932749959.jpg\" \/>\n<meta name=\"twitter:card\" content=\"summary_large_image\" \/>\n<script type=\"application\/ld+json\" class=\"yoast-schema-graph\">{\"@context\":\"https:\\\/\\\/schema.org\",\"@graph\":[{\"@type\":\"WebPage\",\"@id\":\"https:\\\/\\\/redmark.md\\\/ru\\\/blog\\\/\",\"url\":\"https:\\\/\\\/redmark.md\\\/ru\\\/blog\\\/\",\"name\":\"\u0411\u043b\u043e\u0433 - Redmark\",\"isPartOf\":{\"@id\":\"https:\\\/\\\/redmark.md\\\/ru\\\/#website\"},\"primaryImageOfPage\":{\"@id\":\"https:\\\/\\\/redmark.md\\\/ru\\\/blog\\\/#primaryimage\"},\"image\":{\"@id\":\"https:\\\/\\\/redmark.md\\\/blog\\\/#primaryimage\"},\"thumbnailUrl\":\"https:\\\/\\\/redmark.md\\\/wp-content\\\/uploads\\\/2022\\\/08\\\/IMG_8208-scaled-e1688932749959.jpg\",\"datePublished\":\"2022-10-14T10:19:43+00:00\",\"dateModified\":\"2023-07-17T09:56:09+00:00\",\"breadcrumb\":{\"@id\":\"https:\\\/\\\/redmark.md\\\/ru\\\/blog\\\/#breadcrumb\"},\"inLanguage\":\"ru-RU\",\"potentialAction\":[{\"@type\":\"ReadAction\",\"target\":[[\"https:\\\/\\\/redmark.md\\\/ru\\\/blog\\\/\"]]}]},{\"@type\":\"ImageObject\",\"inLanguage\":\"ru-RU\",\"@id\":\"https:\\\/\\\/redmark.md\\\/ru\\\/blog\\\/#primaryimage\",\"url\":\"https:\\\/\\\/redmark.md\\\/wp-content\\\/uploads\\\/2022\\\/08\\\/IMG_8208-scaled-e1688932749959.jpg\",\"contentUrl\":\"https:\\\/\\\/redmark.md\\\/wp-content\\\/uploads\\\/2022\\\/08\\\/IMG_8208-scaled-e1688932749959.jpg\"},{\"@type\":\"BreadcrumbList\",\"@id\":\"https:\\\/\\\/redmark.md\\\/ru\\\/blog\\\/#breadcrumb\",\"itemListElement\":[{\"@type\":\"ListItem\",\"position\":1,\"name\":\"\u0413\u043b\u0430\u0432\u043d\u0430\u044f \u0441\u0442\u0440\u0430\u043d\u0438\u0446\u0430\",\"item\":\"https:\\\/\\\/redmark.md\\\/ru\\\/\"},{\"@type\":\"ListItem\",\"position\":2,\"name\":\"Blog\"}]},{\"@type\":\"WebSite\",\"@id\":\"https:\\\/\\\/redmark.md\\\/ru\\\/#website\",\"url\":\"https:\\\/\\\/redmark.md\\\/ru\\\/\",\"name\":\"Redmark\",\"description\":\"Cet\u0103\u021benie rom\u00e2n\u0103\",\"potentialAction\":[{\"@type\":\"SearchAction\",\"target\":{\"@type\":\"EntryPoint\",\"urlTemplate\":\"https:\\\/\\\/redmark.md\\\/ru\\\/?s={search_term_string}\"},\"query-input\":{\"@type\":\"PropertyValueSpecification\",\"valueRequired\":true,\"valueName\":\"search_term_string\"}}],\"inLanguage\":\"ru-RU\"}]}<\/script>\n<!-- \/ Yoast SEO plugin. -->","yoast_head_json":{"title":"\u0411\u043b\u043e\u0433 - Redmark","robots":{"index":"index","follow":"follow","max-snippet":"max-snippet:-1","max-image-preview":"max-image-preview:large","max-video-preview":"max-video-preview:-1"},"canonical":"https:\/\/redmark.md\/ru\/blog\/","og_locale":"ru_RU","og_type":"article","og_title":"\u0411\u043b\u043e\u0433 - Redmark","og_description":"\u0421\u0430\u043c\u044b\u0435 \u0430\u043a\u0442\u0443\u0430\u043b\u044c\u043d\u044b\u0435 \u043d\u043e\u0432\u043e\u0441\u0442\u0438 Read More Informa\u021bii utile Cum ob\u021bii o dat\u0103 de programare pentru depunerea jur\u0103m\u00e2ntului de credin\u021b\u0103? Atunci c\u00e2nd s-a aprobat cet\u0103\u021benia Rom\u00e2n\u0103, este de important s\u0103 fii atent la termen \u0219i proceduri astfel s\u0103 respec\u021bi toate detaliile. Orice neaten\u021bie poate duce la pierderea acestei oportunit\u0103\u021bi. Compania Redmark Service \u00ee\u021bi v-a prezenta c\u00e2teva puncte [&hellip;]","og_url":"https:\/\/redmark.md\/ru\/blog\/","og_site_name":"Redmark","article_modified_time":"2023-07-17T09:56:09+00:00","og_image":[{"url":"https:\/\/redmark.md\/wp-content\/uploads\/2022\/08\/IMG_8208-scaled-e1688932749959.jpg","type":"","width":"","height":""}],"twitter_card":"summary_large_image","schema":{"@context":"https:\/\/schema.org","@graph":[{"@type":"WebPage","@id":"https:\/\/redmark.md\/ru\/blog\/","url":"https:\/\/redmark.md\/ru\/blog\/","name":"\u0411\u043b\u043e\u0433 - Redmark","isPartOf":{"@id":"https:\/\/redmark.md\/ru\/#website"},"primaryImageOfPage":{"@id":"https:\/\/redmark.md\/ru\/blog\/#primaryimage"},"image":{"@id":"https:\/\/redmark.md\/blog\/#primaryimage"},"thumbnailUrl":"https:\/\/redmark.md\/wp-content\/uploads\/2022\/08\/IMG_8208-scaled-e1688932749959.jpg","datePublished":"2022-10-14T10:19:43+00:00","dateModified":"2023-07-17T09:56:09+00:00","breadcrumb":{"@id":"https:\/\/redmark.md\/ru\/blog\/#breadcrumb"},"inLanguage":"ru-RU","potentialAction":[{"@type":"ReadAction","target":[["https:\/\/redmark.md\/ru\/blog\/"]]}]},{"@type":"ImageObject","inLanguage":"ru-RU","@id":"https:\/\/redmark.md\/ru\/blog\/#primaryimage","url":"https:\/\/redmark.md\/wp-content\/uploads\/2022\/08\/IMG_8208-scaled-e1688932749959.jpg","contentUrl":"https:\/\/redmark.md\/wp-content\/uploads\/2022\/08\/IMG_8208-scaled-e1688932749959.jpg"},{"@type":"BreadcrumbList","@id":"https:\/\/redmark.md\/ru\/blog\/#breadcrumb","itemListElement":[{"@type":"ListItem","position":1,"name":"\u0413\u043b\u0430\u0432\u043d\u0430\u044f \u0441\u0442\u0440\u0430\u043d\u0438\u0446\u0430","item":"https:\/\/redmark.md\/ru\/"},{"@type":"ListItem","position":2,"name":"Blog"}]},{"@type":"WebSite","@id":"https:\/\/redmark.md\/ru\/#website","url":"https:\/\/redmark.md\/ru\/","name":"Redmark","description":"Cet\u0103\u021benie rom\u00e2n\u0103","potentialAction":[{"@type":"SearchAction","target":{"@type":"EntryPoint","urlTemplate":"https:\/\/redmark.md\/ru\/?s={search_term_string}"},"query-input":{"@type":"PropertyValueSpecification","valueRequired":true,"valueName":"search_term_string"}}],"inLanguage":"ru-RU"}]}},"_links":{"self":[{"href":"https:\/\/redmark.md\/ru\/wp-json\/wp\/v2\/pages\/14325","targetHints":{"allow":["GET"]}}],"collection":[{"href":"https:\/\/redmark.md\/ru\/wp-json\/wp\/v2\/pages"}],"about":[{"href":"https:\/\/redmark.md\/ru\/wp-json\/wp\/v2\/types\/page"}],"author":[{"embeddable":true,"href":"https:\/\/redmark.md\/ru\/wp-json\/wp\/v2\/users\/3"}],"replies":[{"embeddable":true,"href":"https:\/\/redmark.md\/ru\/wp-json\/wp\/v2\/comments?post=14325"}],"version-history":[{"count":14,"href":"https:\/\/redmark.md\/ru\/wp-json\/wp\/v2\/pages\/14325\/revisions"}],"predecessor-version":[{"id":15714,"href":"https:\/\/redmark.md\/ru\/wp-json\/wp\/v2\/pages\/14325\/revisions\/15714"}],"wp:attachment":[{"href":"https:\/\/redmark.md\/ru\/wp-json\/wp\/v2\/media?parent=14325"}],"curies":[{"name":"wp","href":"https:\/\/api.w.org\/{rel}","templated":true}]}}